{"id":11,"date":"2026-04-14T15:28:33","date_gmt":"2026-04-14T15:28:33","guid":{"rendered":"https:\/\/pierrecadetpetit.fr\/?page_id=11"},"modified":"2026-04-14T18:14:27","modified_gmt":"2026-04-14T18:14:27","slug":"maintenance","status":"publish","type":"page","link":"https:\/\/pierrecadetpetit.fr\/","title":{"rendered":"Maintenance"},"content":{"rendered":"\n[et_pb_section fb_built=\u00a0\u00bb1&Prime; _builder_version=\u00a0\u00bb4.27.6&Prime; _module_preset=\u00a0\u00bbdefault\u00a0\u00bb background_color=\u00a0\u00bb#000000&Prime; background_image=\u00a0\u00bbhttps:\/\/pierrecadetpetit.fr\/wp-content\/uploads\/2026\/04\/Pierre-Cadet-Petit-Inge-son.jpeg\u00a0\u00bb background_size=\u00a0\u00bbcustom\u00a0\u00bb background_image_width=\u00a0\u00bb50%\u00a0\u00bb background_position=\u00a0\u00bbbottom_left\u00a0\u00bb min_height=\u00a0\u00bb100vh\u00a0\u00bb global_colors_info=\u00a0\u00bb{}\u00a0\u00bb][et_pb_row _builder_version=\u00a0\u00bb4.27.6&Prime; _module_preset=\u00a0\u00bbdefault\u00a0\u00bb module_alignment=\u00a0\u00bbright\u00a0\u00bb global_colors_info=\u00a0\u00bb{}\u00a0\u00bb][et_pb_column type=\u00a0\u00bb4_4&Prime; _builder_version=\u00a0\u00bb4.27.6&Prime; _module_preset=\u00a0\u00bbdefault\u00a0\u00bb global_colors_info=\u00a0\u00bb{}\u00a0\u00bb][et_pb_image src=\u00a0\u00bbhttps:\/\/pierrecadetpetit.fr\/wp-content\/uploads\/2026\/04\/Logo-Pierre-Cadet-Petit-B-scaled.png\u00a0\u00bb title_text=\u00a0\u00bbLogo Pierre Cadet Petit-B\u00a0\u00bb _builder_version=\u00a0\u00bb4.27.6&Prime; _module_preset=\u00a0\u00bbdefault\u00a0\u00bb global_colors_info=\u00a0\u00bb{}\u00a0\u00bb][\/et_pb_image][et_pb_text _builder_version=\u00a0\u00bb4.27.6&Prime; _module_preset=\u00a0\u00bbdefault\u00a0\u00bb text_font=\u00a0\u00bbSpring||||||||\u00a0\u00bb header_font=\u00a0\u00bbSpring||||||||\u00a0\u00bb header_text_color=\u00a0\u00bb#FFFFFF\u00a0\u00bb text_orientation=\u00a0\u00bbcenter\u00a0\u00bb width=\u00a0\u00bb500px\u00a0\u00bb module_alignment=\u00a0\u00bbcenter\u00a0\u00bb custom_padding=\u00a0\u00bb15px||||false|false\u00a0\u00bb border_width_top=\u00a0\u00bb1px\u00a0\u00bb border_color_top=\u00a0\u00bb#FFFFFF\u00a0\u00bb border_width_bottom=\u00a0\u00bb1px\u00a0\u00bb border_color_bottom=\u00a0\u00bb#FFFFFF\u00a0\u00bb global_colors_info=\u00a0\u00bb{}\u00a0\u00bb]<h1>Technicien &amp; Artisan du son<\/h1>[\/et_pb_text][et_pb_text _builder_version=\u00a0\u00bb4.27.6&Prime; _module_preset=\u00a0\u00bbdefault\u00a0\u00bb text_font=\u00a0\u00bbMontserrat|300|||||||\u00a0\u00bb text_text_color=\u00a0\u00bb#FFFFFF\u00a0\u00bb text_orientation=\u00a0\u00bbcenter\u00a0\u00bb global_colors_info=\u00a0\u00bb{}\u00a0\u00bb]<p><span>Pierre Cadet-Petit est preneur de son, sp\u00e9cialis\u00e9 en cin\u00e9ma et documentaires.<\/span><br data-start=\"1810\" data-end=\"1813\" \/><span>Il accompagne les productions sur le terrain pour la captation et la qualit\u00e9 sonore.<\/span><\/p>[\/et_pb_text][et_pb_text _builder_version=\u00a0\u00bb4.27.6&Prime; _module_preset=\u00a0\u00bbdefault\u00a0\u00bb text_font=\u00a0\u00bbMontserrat|300|||||||\u00a0\u00bb text_text_color=\u00a0\u00bb#FFFFFF\u00a0\u00bb text_orientation=\u00a0\u00bbcenter\u00a0\u00bb global_colors_info=\u00a0\u00bb{}\u00a0\u00bb]<p>[ Bient\u00f4t en ligne ]<\/p>[\/et_pb_text][et_pb_text _builder_version=\u00a0\u00bb4.27.6&Prime; _module_preset=\u00a0\u00bbdefault\u00a0\u00bb text_font=\u00a0\u00bbMontserrat|300|||||||\u00a0\u00bb text_text_color=\u00a0\u00bb#FFFFFF\u00a0\u00bb text_letter_spacing=\u00a0\u00bb1px\u00a0\u00bb background_color=\u00a0\u00bb#000000&Prime; text_orientation=\u00a0\u00bbcenter\u00a0\u00bb width=\u00a0\u00bb300px\u00a0\u00bb width_last_edited=\u00a0\u00bboff|desktop\u00a0\u00bb module_alignment=\u00a0\u00bbcenter\u00a0\u00bb custom_margin=\u00a0\u00bb100px||||false|false\u00a0\u00bb custom_padding=\u00a0\u00bb10px||10px||true|false\u00a0\u00bb link_option_url=\u00a0\u00bbhttps:\/\/wa.me\/33652957174?text=Bonjour%20Pierre,%20je%20vous%20contacte%20pour%20une%20prestation%20son.\u00a0\u00bb link_option_url_new_window=\u00a0\u00bbon\u00a0\u00bb hover_enabled=\u00a0\u00bb0&Prime; border_radii=\u00a0\u00bbon|20px|20px|20px|20px\u00a0\u00bb border_width_all=\u00a0\u00bb1px\u00a0\u00bb border_color_all=\u00a0\u00bb#FFFFFF\u00a0\u00bb global_colors_info=\u00a0\u00bb{}\u00a0\u00bb width__hover_enabled=\u00a0\u00bbon|hover\u00a0\u00bb width__hover=\u00a0\u00bb320px\u00a0\u00bb text_font_size__hover_enabled=\u00a0\u00bbon|hover\u00a0\u00bb text_letter_spacing__hover_enabled=\u00a0\u00bbon|desktop\u00a0\u00bb text_letter_spacing__hover=\u00a0\u00bb2px\u00a0\u00bb sticky_enabled=\u00a0\u00bb0&Prime;]<p>PARLONS DE VOTRE PROJET<\/p>[\/et_pb_text][\/et_pb_column][\/et_pb_row][\/et_pb_section]\n","protected":false},"excerpt":{"rendered":"<p>Pierre Cadet-Petit est preneur de son sp\u00e9cialis\u00e9 en cin\u00e9ma et documentaires. Il accompagne les productions sur le terrain pour la captation et la qualit\u00e9 sonore. Site bient\u00f4t en ligne.<\/p>\n","protected":false},"author":1,"featured_media":46,"parent":0,"menu_order":0,"comment_status":"closed","ping_status":"closed","template":"page-template-blank.php","meta":{"_et_pb_use_builder":"on","_et_pb_old_content":"<!-- wp:divi\/placeholder \/-->","_et_gb_content_width":"","footnotes":""},"class_list":["post-11","page","type-page","status-publish","has-post-thumbnail","hentry"],"yoast_head":"<!-- This site is optimized with the Yoast SEO plugin v27.4 - https:\/\/yoast.com\/product\/yoast-seo-wordpress\/ -->\n<title>Maintenance - Pierre Cadet Petit<\/title>\n<meta name=\"description\" content=\"Pierre Cadet-Petit est preneur de son sp\u00e9cialis\u00e9 en cin\u00e9ma et documentaires. Il accompagne les productions sur le terrain pour la captation et la qualit\u00e9 sonore. Site bient\u00f4t en ligne.\" \/>\n<meta name=\"robots\" content=\"index, follow, max-snippet:-1, max-image-preview:large, max-video-preview:-1\" \/>\n<link rel=\"canonical\" href=\"https:\/\/pierrecadetpetit.fr\/\" \/>\n<meta property=\"og:locale\" content=\"fr_FR\" \/>\n<meta property=\"og:type\" content=\"article\" \/>\n<meta property=\"og:title\" content=\"Maintenance - Pierre Cadet Petit\" \/>\n<meta property=\"og:description\" content=\"Pierre Cadet-Petit est preneur de son sp\u00e9cialis\u00e9 en cin\u00e9ma et documentaires. Il accompagne les productions sur le terrain pour la captation et la qualit\u00e9 sonore. Site bient\u00f4t en ligne.\" \/>\n<meta property=\"og:url\" content=\"https:\/\/pierrecadetpetit.fr\/\" \/>\n<meta property=\"og:site_name\" content=\"Pierre Cadet Petit\" \/>\n<meta property=\"article:modified_time\" content=\"2026-04-14T18:14:27+00:00\" \/>\n<meta property=\"og:image\" content=\"https:\/\/pierrecadetpetit.fr\/wp-content\/uploads\/2026\/04\/PCP-Favicon-scaled.png\" \/>\n\t<meta property=\"og:image:width\" content=\"2560\" \/>\n\t<meta property=\"og:image:height\" content=\"2560\" \/>\n\t<meta property=\"og:image:type\" content=\"image\/png\" \/>\n<meta name=\"twitter:card\" content=\"summary_large_image\" \/>\n<meta name=\"twitter:label1\" content=\"Dur\u00e9e de lecture estim\u00e9e\" \/>\n\t<meta name=\"twitter:data1\" content=\"1 minute\" \/>\n<script type=\"application\/ld+json\" class=\"yoast-schema-graph\">{\"@context\":\"https:\\\/\\\/schema.org\",\"@graph\":[{\"@type\":\"WebPage\",\"@id\":\"https:\\\/\\\/pierrecadetpetit.fr\\\/\",\"url\":\"https:\\\/\\\/pierrecadetpetit.fr\\\/\",\"name\":\"Maintenance - Pierre Cadet Petit\",\"isPartOf\":{\"@id\":\"https:\\\/\\\/pierrecadetpetit.fr\\\/#website\"},\"primaryImageOfPage\":{\"@id\":\"https:\\\/\\\/pierrecadetpetit.fr\\\/#primaryimage\"},\"image\":{\"@id\":\"https:\\\/\\\/pierrecadetpetit.fr\\\/#primaryimage\"},\"thumbnailUrl\":\"https:\\\/\\\/pierrecadetpetit.fr\\\/wp-content\\\/uploads\\\/2026\\\/04\\\/PCP-Favicon-scaled.png\",\"datePublished\":\"2026-04-14T15:28:33+00:00\",\"dateModified\":\"2026-04-14T18:14:27+00:00\",\"description\":\"Pierre Cadet-Petit est preneur de son sp\u00e9cialis\u00e9 en cin\u00e9ma et documentaires. Il accompagne les productions sur le terrain pour la captation et la qualit\u00e9 sonore. Site bient\u00f4t en ligne.\",\"breadcrumb\":{\"@id\":\"https:\\\/\\\/pierrecadetpetit.fr\\\/#breadcrumb\"},\"inLanguage\":\"fr-FR\",\"potentialAction\":[{\"@type\":\"ReadAction\",\"target\":[\"https:\\\/\\\/pierrecadetpetit.fr\\\/\"]}]},{\"@type\":\"ImageObject\",\"inLanguage\":\"fr-FR\",\"@id\":\"https:\\\/\\\/pierrecadetpetit.fr\\\/#primaryimage\",\"url\":\"https:\\\/\\\/pierrecadetpetit.fr\\\/wp-content\\\/uploads\\\/2026\\\/04\\\/PCP-Favicon-scaled.png\",\"contentUrl\":\"https:\\\/\\\/pierrecadetpetit.fr\\\/wp-content\\\/uploads\\\/2026\\\/04\\\/PCP-Favicon-scaled.png\",\"width\":2560,\"height\":2560},{\"@type\":\"BreadcrumbList\",\"@id\":\"https:\\\/\\\/pierrecadetpetit.fr\\\/#breadcrumb\",\"itemListElement\":[{\"@type\":\"ListItem\",\"position\":1,\"name\":\"Accueil\",\"item\":\"https:\\\/\\\/pierrecadetpetit.fr\\\/\"},{\"@type\":\"ListItem\",\"position\":2,\"name\":\"Maintenance\"}]},{\"@type\":\"WebSite\",\"@id\":\"https:\\\/\\\/pierrecadetpetit.fr\\\/#website\",\"url\":\"https:\\\/\\\/pierrecadetpetit.fr\\\/\",\"name\":\"Pierre Cadet Petit\",\"description\":\"Technicien et artisan du son\",\"potentialAction\":[{\"@type\":\"SearchAction\",\"target\":{\"@type\":\"EntryPoint\",\"urlTemplate\":\"https:\\\/\\\/pierrecadetpetit.fr\\\/?s={search_term_string}\"},\"query-input\":{\"@type\":\"PropertyValueSpecification\",\"valueRequired\":true,\"valueName\":\"search_term_string\"}}],\"inLanguage\":\"fr-FR\"}]}<\/script>\n<!-- \/ Yoast SEO plugin. -->","yoast_head_json":{"title":"Maintenance - Pierre Cadet Petit","description":"Pierre Cadet-Petit est preneur de son sp\u00e9cialis\u00e9 en cin\u00e9ma et documentaires. Il accompagne les productions sur le terrain pour la captation et la qualit\u00e9 sonore. Site bient\u00f4t en ligne.","robots":{"index":"index","follow":"follow","max-snippet":"max-snippet:-1","max-image-preview":"max-image-preview:large","max-video-preview":"max-video-preview:-1"},"canonical":"https:\/\/pierrecadetpetit.fr\/","og_locale":"fr_FR","og_type":"article","og_title":"Maintenance - Pierre Cadet Petit","og_description":"Pierre Cadet-Petit est preneur de son sp\u00e9cialis\u00e9 en cin\u00e9ma et documentaires. Il accompagne les productions sur le terrain pour la captation et la qualit\u00e9 sonore. Site bient\u00f4t en ligne.","og_url":"https:\/\/pierrecadetpetit.fr\/","og_site_name":"Pierre Cadet Petit","article_modified_time":"2026-04-14T18:14:27+00:00","og_image":[{"width":2560,"height":2560,"url":"https:\/\/pierrecadetpetit.fr\/wp-content\/uploads\/2026\/04\/PCP-Favicon-scaled.png","type":"image\/png"}],"twitter_card":"summary_large_image","twitter_misc":{"Dur\u00e9e de lecture estim\u00e9e":"1 minute"},"schema":{"@context":"https:\/\/schema.org","@graph":[{"@type":"WebPage","@id":"https:\/\/pierrecadetpetit.fr\/","url":"https:\/\/pierrecadetpetit.fr\/","name":"Maintenance - Pierre Cadet Petit","isPartOf":{"@id":"https:\/\/pierrecadetpetit.fr\/#website"},"primaryImageOfPage":{"@id":"https:\/\/pierrecadetpetit.fr\/#primaryimage"},"image":{"@id":"https:\/\/pierrecadetpetit.fr\/#primaryimage"},"thumbnailUrl":"https:\/\/pierrecadetpetit.fr\/wp-content\/uploads\/2026\/04\/PCP-Favicon-scaled.png","datePublished":"2026-04-14T15:28:33+00:00","dateModified":"2026-04-14T18:14:27+00:00","description":"Pierre Cadet-Petit est preneur de son sp\u00e9cialis\u00e9 en cin\u00e9ma et documentaires. Il accompagne les productions sur le terrain pour la captation et la qualit\u00e9 sonore. Site bient\u00f4t en ligne.","breadcrumb":{"@id":"https:\/\/pierrecadetpetit.fr\/#breadcrumb"},"inLanguage":"fr-FR","potentialAction":[{"@type":"ReadAction","target":["https:\/\/pierrecadetpetit.fr\/"]}]},{"@type":"ImageObject","inLanguage":"fr-FR","@id":"https:\/\/pierrecadetpetit.fr\/#primaryimage","url":"https:\/\/pierrecadetpetit.fr\/wp-content\/uploads\/2026\/04\/PCP-Favicon-scaled.png","contentUrl":"https:\/\/pierrecadetpetit.fr\/wp-content\/uploads\/2026\/04\/PCP-Favicon-scaled.png","width":2560,"height":2560},{"@type":"BreadcrumbList","@id":"https:\/\/pierrecadetpetit.fr\/#breadcrumb","itemListElement":[{"@type":"ListItem","position":1,"name":"Accueil","item":"https:\/\/pierrecadetpetit.fr\/"},{"@type":"ListItem","position":2,"name":"Maintenance"}]},{"@type":"WebSite","@id":"https:\/\/pierrecadetpetit.fr\/#website","url":"https:\/\/pierrecadetpetit.fr\/","name":"Pierre Cadet Petit","description":"Technicien et artisan du son","potentialAction":[{"@type":"SearchAction","target":{"@type":"EntryPoint","urlTemplate":"https:\/\/pierrecadetpetit.fr\/?s={search_term_string}"},"query-input":{"@type":"PropertyValueSpecification","valueRequired":true,"valueName":"search_term_string"}}],"inLanguage":"fr-FR"}]}},"_links":{"self":[{"href":"https:\/\/pierrecadetpetit.fr\/wp-json\/wp\/v2\/pages\/11","targetHints":{"allow":["GET"]}}],"collection":[{"href":"https:\/\/pierrecadetpetit.fr\/wp-json\/wp\/v2\/pages"}],"about":[{"href":"https:\/\/pierrecadetpetit.fr\/wp-json\/wp\/v2\/types\/page"}],"author":[{"embeddable":true,"href":"https:\/\/pierrecadetpetit.fr\/wp-json\/wp\/v2\/users\/1"}],"replies":[{"embeddable":true,"href":"https:\/\/pierrecadetpetit.fr\/wp-json\/wp\/v2\/comments?post=11"}],"version-history":[{"count":16,"href":"https:\/\/pierrecadetpetit.fr\/wp-json\/wp\/v2\/pages\/11\/revisions"}],"predecessor-version":[{"id":45,"href":"https:\/\/pierrecadetpetit.fr\/wp-json\/wp\/v2\/pages\/11\/revisions\/45"}],"wp:featuredmedia":[{"embeddable":true,"href":"https:\/\/pierrecadetpetit.fr\/wp-json\/wp\/v2\/media\/46"}],"wp:attachment":[{"href":"https:\/\/pierrecadetpetit.fr\/wp-json\/wp\/v2\/media?parent=11"}],"curies":[{"name":"wp","href":"https:\/\/api.w.org\/{rel}","templated":true}]}}